{"id":230,"date":"2021-01-20T15:37:01","date_gmt":"2021-01-20T14:37:01","guid":{"rendered":"http:\/\/www.irvin.bzh\/ferme\/?page_id=230"},"modified":"2021-01-29T10:14:52","modified_gmt":"2021-01-29T09:14:52","slug":"temoignages","status":"publish","type":"page","link":"https:\/\/www.irvin.bzh\/ferme\/index.php\/qui-sommes-nous\/temoignages\/","title":{"rendered":"T\u00e9moignages"},"content":{"rendered":"<div data-colibri-id=\"230-c1\" class=\"style-408 style-local-230-c1 position-relative\">\n  <!---->\n  <div data-colibri-component=\"section\" data-colibri-id=\"230-c2\" id=\"testimonials\" class=\"h-section h-section-global-spacing d-flex align-items-lg-center align-items-md-center align-items-center style-409 style-local-230-c2 position-relative\">\n    <!---->\n    <!---->\n    <div class=\"h-section-grid-container h-section-boxed-container\">\n      <!---->\n      <div data-colibri-id=\"230-c3\" class=\"h-row-container gutters-row-lg-2 gutters-row-md-2 gutters-row-0 gutters-row-v-lg-2 gutters-row-v-md-2 gutters-row-v-2 style-410 style-local-230-c3 position-relative\">\n        <!---->\n        <div class=\"h-row justify-content-lg-center justify-content-md-center justify-content-center align-items-lg-stretch align-items-md-stretch align-items-stretch gutters-col-lg-2 gutters-col-md-2 gutters-col-0 gutters-col-v-lg-2 gutters-col-v-md-2 gutters-col-v-2\">\n          <!---->\n          <div class=\"h-column h-column-container d-flex h-col-lg-4 h-col-md-6 h-col-12 style-411-outer style-local-230-c4-outer\">\n            <div data-colibri-id=\"230-c4\" class=\"d-flex h-flex-basis h-column__inner h-px-lg-3 h-px-md-3 h-px-3 v-inner-lg-3 v-inner-md-3 v-inner-3 style-411 style-local-230-c4 position-relative\">\n              <!---->\n              <!---->\n              <div class=\"w-100 h-y-container h-column__content h-column__v-align flex-basis-100 align-self-lg-start align-self-md-start align-self-start\">\n                <!---->\n                <div data-colibri-id=\"230-c5\" class=\"h-icon style-412 style-local-230-c5 position-relative h-element\">\n                  <!----><span class=\"h-svg-icon h-icon__icon style-412-icon style-local-230-c5-icon\"><!--Icon by Font Awesome (https:\/\/fontawesome.com)--><svg version=\"1.1\" xmlns=\"http:\/\/www.w3.org\/2000\/svg\" xmlns:xlink=\"http:\/\/www.w3.org\/1999\/xlink\" id=\"quote-right\" viewBox=\"0 0 1664 1896.0833\"><path d=\"M768 320v704q0 104-40.5 198.5T618 1386t-163.5 109.5T256 1536h-64q-26 0-45-19t-19-45v-128q0-26 19-45t45-19h64q106 0 181-75t75-181v-32q0-40-28-68t-68-28H192q-80 0-136-56T0 704V320q0-80 56-136t136-56h384q80 0 136 56t56 136zm896 0v704q0 104-40.5 198.5T1514 1386t-163.5 109.5T1152 1536h-64q-26 0-45-19t-19-45v-128q0-26 19-45t45-19h64q106 0 181-75t75-181v-32q0-40-28-68t-68-28h-224q-80 0-136-56t-56-136V320q0-80 56-136t136-56h384q80 0 136 56t56 136z\"><\/path><\/svg><\/span><\/div>\n                <div\n                  data-colibri-id=\"230-c6\" class=\"h-text h-text-component style-413 style-local-230-c6 position-relative h-element\">\n                  <!---->\n                  <!---->\n                  <div class=\"\">\n                    <p><em>Irvin m\u2019a appris tellement de choses que je ne connaissais pas. Ils m\u2019ont appris&nbsp;a\u0300 me redonner la motivation pour diverses choses, pour cela je tiens&nbsp;a\u0300 remercier : Yann, Patrice, Corentin et Marie). Toujours la\u0300 quand on a besoin d\u2019eux. Superbe&nbsp;expe\u0301rience. Merci&nbsp;a\u0300 toute l\u2019e\u0301quipe, continuez ainsi.<\/em><\/p>\n                  <\/div>\n              <\/div>\n              <div data-colibri-id=\"230-c7\" class=\"h-global-transition-all h-heading style-415 style-local-230-c7 position-relative h-element\">\n                <!---->\n                <div class=\"h-heading__outer style-415 style-local-230-c7\">\n                  <!---->\n                  <!---->\n                  <h5 class=\"\">Camille<\/h5>\n                <\/div>\n              <\/div>\n            <\/div>\n          <\/div>\n        <\/div>\n        <div class=\"h-column h-column-container d-flex h-col-lg-4 h-col-md-6 h-col-12 style-411-outer style-local-230-c8-outer\">\n          <div data-colibri-id=\"230-c8\" class=\"d-flex h-flex-basis h-column__inner h-px-lg-3 h-px-md-3 h-px-3 v-inner-lg-3 v-inner-md-3 v-inner-3 style-411 style-local-230-c8 position-relative\">\n            <!---->\n            <!---->\n            <div class=\"w-100 h-y-container h-column__content h-column__v-align flex-basis-100 align-self-lg-start align-self-md-start align-self-start\">\n              <!---->\n              <div data-colibri-id=\"230-c9\" class=\"h-icon style-412 style-local-230-c9 position-relative h-element\">\n                <!----><span class=\"h-svg-icon h-icon__icon style-412-icon style-local-230-c9-icon\"><!--Icon by Font Awesome (https:\/\/fontawesome.com)--><svg version=\"1.1\" xmlns=\"http:\/\/www.w3.org\/2000\/svg\" xmlns:xlink=\"http:\/\/www.w3.org\/1999\/xlink\" id=\"quote-right\" viewBox=\"0 0 1664 1896.0833\"><path d=\"M768 320v704q0 104-40.5 198.5T618 1386t-163.5 109.5T256 1536h-64q-26 0-45-19t-19-45v-128q0-26 19-45t45-19h64q106 0 181-75t75-181v-32q0-40-28-68t-68-28H192q-80 0-136-56T0 704V320q0-80 56-136t136-56h384q80 0 136 56t56 136zm896 0v704q0 104-40.5 198.5T1514 1386t-163.5 109.5T1152 1536h-64q-26 0-45-19t-19-45v-128q0-26 19-45t45-19h64q106 0 181-75t75-181v-32q0-40-28-68t-68-28h-224q-80 0-136-56t-56-136V320q0-80 56-136t136-56h384q80 0 136 56t56 136z\"><\/path><\/svg><\/span><\/div>\n              <div\n                data-colibri-id=\"230-c10\" class=\"h-text h-text-component style-413 style-local-230-c10 position-relative h-element\">\n                <!---->\n                <!---->\n                <div class=\"\">\n                  <p><em>Sur le coup on ne s\u2019en rend pas compte mais IRVIN inspire et fais ressortir nos sens, nos qualit\u00e9s. C&rsquo;est <\/em><em style=\"font-weight: 400; font-size: 16px; font-family: &quot;Open Sans&quot;; color: rgb(70, 112, 127);\">plus&nbsp;<\/em><em>une \u00e9cole qu&rsquo;un stage, une opportunit\u00e9 pour les jeunes de choisir en v\u00e9rit\u00e9 notre chemin. Maintenant IRVIN nous donne l&rsquo;opportunit\u00e9 de continuer et d&rsquo;approfondir la formation. Merci, maintenant c&rsquo;est \u00e0 nous de supporter tout \u00e7a en continuant avec eux.<\/em><\/p>\n                <\/div>\n            <\/div>\n            <div data-colibri-id=\"230-c11\" class=\"h-global-transition-all h-heading style-415 style-local-230-c11 position-relative h-element\">\n              <!---->\n              <div class=\"h-heading__outer style-415 style-local-230-c11\">\n                <!---->\n                <!---->\n                <h5 class=\"\">Thibaud<\/h5>\n              <\/div>\n            <\/div>\n          <\/div>\n        <\/div>\n      <\/div>\n      <div class=\"h-column h-column-container d-flex h-col-lg-4 h-col-md-6 h-col-12 style-411-outer style-local-230-c12-outer\">\n        <div data-colibri-id=\"230-c12\" class=\"d-flex h-flex-basis h-column__inner h-px-lg-3 h-px-md-3 h-px-3 v-inner-lg-3 v-inner-md-3 v-inner-3 style-411 style-local-230-c12 position-relative\">\n          <!---->\n          <!---->\n          <div class=\"w-100 h-y-container h-column__content h-column__v-align flex-basis-100 align-self-lg-start align-self-md-start align-self-start\">\n            <!---->\n            <div data-colibri-id=\"230-c13\" class=\"h-icon style-412 style-local-230-c13 position-relative h-element\">\n              <!----><span class=\"h-svg-icon h-icon__icon style-412-icon style-local-230-c13-icon\"><!--Icon by Font Awesome (https:\/\/fontawesome.com)--><svg version=\"1.1\" xmlns=\"http:\/\/www.w3.org\/2000\/svg\" xmlns:xlink=\"http:\/\/www.w3.org\/1999\/xlink\" id=\"quote-right\" viewBox=\"0 0 1664 1896.0833\"><path d=\"M768 320v704q0 104-40.5 198.5T618 1386t-163.5 109.5T256 1536h-64q-26 0-45-19t-19-45v-128q0-26 19-45t45-19h64q106 0 181-75t75-181v-32q0-40-28-68t-68-28H192q-80 0-136-56T0 704V320q0-80 56-136t136-56h384q80 0 136 56t56 136zm896 0v704q0 104-40.5 198.5T1514 1386t-163.5 109.5T1152 1536h-64q-26 0-45-19t-19-45v-128q0-26 19-45t45-19h64q106 0 181-75t75-181v-32q0-40-28-68t-68-28h-224q-80 0-136-56t-56-136V320q0-80 56-136t136-56h384q80 0 136 56t56 136z\"><\/path><\/svg><\/span><\/div>\n            <div\n              data-colibri-id=\"230-c14\" class=\"h-text h-text-component style-413 style-local-230-c14 position-relative h-element\">\n              <!---->\n              <!---->\n              <div class=\"\">\n                <p><em>Votre engagement et votre&nbsp;de\u0301termination&nbsp;sont admirables. IRVIN est une formidable&nbsp;e\u0301cole&nbsp;d\u2019Amour. L\u2019essentiel est la\u0300 : le don de soi pour les autres et pour la nature&#8230; euh&#8230; les&nbsp;Ecosyste\u0300mes&nbsp;! Un grand merci&nbsp;a\u0300 vous pour cette magnifique exp\u00e9rience.<\/em><\/p>\n              <\/div>\n          <\/div>\n          <div data-colibri-id=\"230-c15\" class=\"h-global-transition-all h-heading style-415 style-local-230-c15 position-relative h-element\">\n            <!---->\n            <div class=\"h-heading__outer style-415 style-local-230-c15\">\n              <!---->\n              <!---->\n              <h5 class=\"\">Stanislas<\/h5>\n            <\/div>\n          <\/div>\n        <\/div>\n      <\/div>\n    <\/div>\n  <\/div>\n<\/div>\n<\/div>\n<\/div>\n<div data-colibri-component=\"section\" data-colibri-id=\"230-c16\" id=\"testimonials-3\" class=\"h-section h-section-global-spacing d-flex align-items-lg-center align-items-md-center align-items-center style-439 style-local-230-c16 position-relative\">\n  <!---->\n  <!---->\n  <div class=\"h-section-grid-container h-section-boxed-container\">\n    <!---->\n    <div data-colibri-id=\"230-c17\" class=\"h-row-container gutters-row-lg-2 gutters-row-md-2 gutters-row-0 gutters-row-v-lg-2 gutters-row-v-md-2 gutters-row-v-2 style-440 style-local-230-c17 position-relative\">\n      <!---->\n      <div class=\"h-row justify-content-lg-center justify-content-md-center justify-content-center align-items-lg-stretch align-items-md-stretch align-items-stretch gutters-col-lg-2 gutters-col-md-2 gutters-col-0 gutters-col-v-lg-2 gutters-col-v-md-2 gutters-col-v-2\">\n        <!---->\n        <div class=\"h-column h-column-container d-flex h-col-lg-4 h-col-md-6 h-col-12 style-441-outer style-local-230-c18-outer\">\n          <div data-colibri-id=\"230-c18\" class=\"d-flex h-flex-basis h-column__inner h-px-lg-3 h-px-md-3 h-px-3 v-inner-lg-3 v-inner-md-3 v-inner-3 style-441 style-local-230-c18 position-relative\">\n            <!---->\n            <!---->\n            <div class=\"w-100 h-y-container h-column__content h-column__v-align flex-basis-100 align-self-lg-start align-self-md-start align-self-start\">\n              <!---->\n              <div data-colibri-id=\"230-c19\" class=\"h-icon style-442 style-local-230-c19 position-relative h-element\">\n                <!----><span class=\"h-svg-icon h-icon__icon style-442-icon style-local-230-c19-icon\"><!--Icon by Font Awesome (https:\/\/fontawesome.com)--><svg version=\"1.1\" xmlns=\"http:\/\/www.w3.org\/2000\/svg\" xmlns:xlink=\"http:\/\/www.w3.org\/1999\/xlink\" id=\"quote-right\" viewBox=\"0 0 1664 1896.0833\"><path d=\"M768 320v704q0 104-40.5 198.5T618 1386t-163.5 109.5T256 1536h-64q-26 0-45-19t-19-45v-128q0-26 19-45t45-19h64q106 0 181-75t75-181v-32q0-40-28-68t-68-28H192q-80 0-136-56T0 704V320q0-80 56-136t136-56h384q80 0 136 56t56 136zm896 0v704q0 104-40.5 198.5T1514 1386t-163.5 109.5T1152 1536h-64q-26 0-45-19t-19-45v-128q0-26 19-45t45-19h64q106 0 181-75t75-181v-32q0-40-28-68t-68-28h-224q-80 0-136-56t-56-136V320q0-80 56-136t136-56h384q80 0 136 56t56 136z\"><\/path><\/svg><\/span><\/div>\n              <div\n                data-colibri-id=\"230-c20\" class=\"h-text h-text-component style-443 style-local-230-c20 position-relative h-element\">\n                <!---->\n                <!---->\n                <div class=\"\">\n                  <p><span style=\"font-family: Calibri, Calibri_EmbeddedFont, Calibri_MSFontService, sans-serif; font-size: 11pt; color: windowtext;\">\u201cInimaginable, Relations, Valeurs, In\u00e9dit, Nature.&nbsp;<\/span><\/p>\n                  <p><span style=\"font-family: Calibri, Calibri_EmbeddedFont, Calibri_MSFontService, sans-serif; font-size: 11pt; color: windowtext;\">Merci pour tout.<\/span><\/p>\n                  <p><span style=\"font-family: Calibri, Calibri_EmbeddedFont, Calibri_MSFontService, sans-serif; font-size: 11pt; color: windowtext;\">&nbsp;&nbsp;Quelles belles initiatives.&nbsp;\u201c<\/span><\/p>\n                <\/div>\n            <\/div>\n            <div data-colibri-id=\"230-c21\" class=\"h-global-transition-all h-heading style-445 style-local-230-c21 position-relative h-element\">\n              <!---->\n              <div class=\"h-heading__outer style-445 style-local-230-c21\">\n                <!---->\n                <!---->\n                <h5 class=\"\">Am\u00e9lie<\/h5>\n              <\/div>\n            <\/div>\n          <\/div>\n        <\/div>\n      <\/div>\n      <div class=\"h-column h-column-container d-flex h-col-lg-4 h-col-md-6 h-col-12 style-441-outer style-local-230-c22-outer\">\n        <div data-colibri-id=\"230-c22\" class=\"d-flex h-flex-basis h-column__inner h-px-lg-3 h-px-md-3 h-px-3 v-inner-lg-3 v-inner-md-3 v-inner-3 style-441 style-local-230-c22 position-relative\">\n          <!---->\n          <!---->\n          <div class=\"w-100 h-y-container h-column__content h-column__v-align flex-basis-100 align-self-lg-start align-self-md-start align-self-start\">\n            <!---->\n            <div data-colibri-id=\"230-c23\" class=\"h-icon style-442 style-local-230-c23 position-relative h-element\">\n              <!----><span class=\"h-svg-icon h-icon__icon style-442-icon style-local-230-c23-icon\"><!--Icon by Font Awesome (https:\/\/fontawesome.com)--><svg version=\"1.1\" xmlns=\"http:\/\/www.w3.org\/2000\/svg\" xmlns:xlink=\"http:\/\/www.w3.org\/1999\/xlink\" id=\"quote-right\" viewBox=\"0 0 1664 1896.0833\"><path d=\"M768 320v704q0 104-40.5 198.5T618 1386t-163.5 109.5T256 1536h-64q-26 0-45-19t-19-45v-128q0-26 19-45t45-19h64q106 0 181-75t75-181v-32q0-40-28-68t-68-28H192q-80 0-136-56T0 704V320q0-80 56-136t136-56h384q80 0 136 56t56 136zm896 0v704q0 104-40.5 198.5T1514 1386t-163.5 109.5T1152 1536h-64q-26 0-45-19t-19-45v-128q0-26 19-45t45-19h64q106 0 181-75t75-181v-32q0-40-28-68t-68-28h-224q-80 0-136-56t-56-136V320q0-80 56-136t136-56h384q80 0 136 56t56 136z\"><\/path><\/svg><\/span><\/div>\n            <div\n              data-colibri-id=\"230-c24\" class=\"h-text h-text-component style-443 style-local-230-c24 position-relative h-element\">\n              <!---->\n              <!---->\n              <div class=\"\">\n                <p><em>Merci Irvin pour cette belle semaine. J\u2019ai fait de&nbsp;tr\u00e8s&nbsp;belles rencontres et cela m\u2019a beaucoup appris. Une semaine comme celle-ci m\u2019a permis de confirmer mes&nbsp;id\u00e9es&nbsp;et mes valeurs. <\/em><\/p>\n                <p><em>Merci encore.<\/em><\/p>\n              <\/div>\n          <\/div>\n          <div data-colibri-id=\"230-c25\" class=\"h-global-transition-all h-heading style-445 style-local-230-c25 position-relative h-element\">\n            <!---->\n            <div class=\"h-heading__outer style-445 style-local-230-c25\">\n              <!---->\n              <!---->\n              <h5 class=\"\">Emmanuelle<\/h5>\n            <\/div>\n          <\/div>\n        <\/div>\n      <\/div>\n    <\/div>\n    <div class=\"h-column h-column-container d-flex h-col-lg-4 h-col-md-6 h-col-12 style-441-outer style-local-230-c26-outer\">\n      <div data-colibri-id=\"230-c26\" class=\"d-flex h-flex-basis h-column__inner h-px-lg-3 h-px-md-3 h-px-3 v-inner-lg-3 v-inner-md-3 v-inner-3 style-441 style-local-230-c26 position-relative\">\n        <!---->\n        <!---->\n        <div class=\"w-100 h-y-container h-column__content h-column__v-align flex-basis-100 align-self-lg-start align-self-md-start align-self-start\">\n          <!---->\n          <div data-colibri-id=\"230-c27\" class=\"h-icon style-442 style-local-230-c27 position-relative h-element\">\n            <!----><span class=\"h-svg-icon h-icon__icon style-442-icon style-local-230-c27-icon\"><!--Icon by Font Awesome (https:\/\/fontawesome.com)--><svg version=\"1.1\" xmlns=\"http:\/\/www.w3.org\/2000\/svg\" xmlns:xlink=\"http:\/\/www.w3.org\/1999\/xlink\" id=\"quote-right\" viewBox=\"0 0 1664 1896.0833\"><path d=\"M768 320v704q0 104-40.5 198.5T618 1386t-163.5 109.5T256 1536h-64q-26 0-45-19t-19-45v-128q0-26 19-45t45-19h64q106 0 181-75t75-181v-32q0-40-28-68t-68-28H192q-80 0-136-56T0 704V320q0-80 56-136t136-56h384q80 0 136 56t56 136zm896 0v704q0 104-40.5 198.5T1514 1386t-163.5 109.5T1152 1536h-64q-26 0-45-19t-19-45v-128q0-26 19-45t45-19h64q106 0 181-75t75-181v-32q0-40-28-68t-68-28h-224q-80 0-136-56t-56-136V320q0-80 56-136t136-56h384q80 0 136 56t56 136z\"><\/path><\/svg><\/span><\/div>\n          <div\n            data-colibri-id=\"230-c28\" class=\"h-text h-text-component style-443 style-local-230-c28 position-relative h-element\">\n            <!---->\n            <!---->\n            <div class=\"\">\n              <p>\u201c<em>IRVIN : Un stage incroyable, des encadrants formidables, une promo extra !<\/em><\/p>\n              <p><em>Merci pour cette belle le\u00e7on de Vie, de partage, d&rsquo;apprentissage, de red\u00e9couverte&nbsp;de la nature, de d\u00e9passement de soi&#8230;D&rsquo;ESPERANCE !<\/em>&nbsp;\u201c<\/p>\n            <\/div>\n        <\/div>\n        <div data-colibri-id=\"230-c29\" class=\"h-global-transition-all h-heading style-445 style-local-230-c29 position-relative h-element\">\n          <!---->\n          <div class=\"h-heading__outer style-445 style-local-230-c29\">\n            <!---->\n            <!---->\n            <h5 class=\"\">Rebecca<\/h5>\n          <\/div>\n        <\/div>\n      <\/div>\n    <\/div>\n  <\/div>\n<\/div>\n<\/div>\n<\/div>\n<\/div>\n<div data-colibri-component=\"section\" data-colibri-id=\"230-c30\" id=\"testimonials-2\" class=\"h-section h-section-global-spacing d-flex align-items-lg-center align-items-md-center align-items-center style-463 style-local-230-c30 position-relative\">\n  <!---->\n  <!---->\n  <div class=\"h-section-grid-container h-section-boxed-container\">\n    <!---->\n    <div data-colibri-id=\"230-c31\" class=\"h-row-container gutters-row-lg-2 gutters-row-md-2 gutters-row-0 gutters-row-v-lg-2 gutters-row-v-md-2 gutters-row-v-2 style-464 style-local-230-c31 position-relative\">\n      <!---->\n      <div class=\"h-row justify-content-lg-center justify-content-md-center justify-content-center align-items-lg-stretch align-items-md-stretch align-items-stretch gutters-col-lg-2 gutters-col-md-2 gutters-col-0 gutters-col-v-lg-2 gutters-col-v-md-2 gutters-col-v-2\">\n        <!---->\n        <div class=\"h-column h-column-container d-flex h-col-lg-6 h-col-md-6 h-col-12 style-465-outer style-local-230-c32-outer\">\n          <div data-colibri-id=\"230-c32\" class=\"d-flex h-flex-basis h-column__inner h-px-lg-3 h-px-md-3 h-px-3 v-inner-lg-3 v-inner-md-3 v-inner-3 style-465 style-local-230-c32 position-relative\">\n            <!---->\n            <!---->\n            <div class=\"w-100 h-y-container h-column__content h-column__v-align flex-basis-100 align-self-lg-start align-self-md-start align-self-start\">\n              <!---->\n              <div data-colibri-id=\"230-c33\" class=\"h-icon style-466 style-local-230-c33 position-relative h-element\">\n                <!----><span class=\"h-svg-icon h-icon__icon style-466-icon style-local-230-c33-icon\"><!--Icon by Font Awesome (https:\/\/fontawesome.com)--><svg version=\"1.1\" xmlns=\"http:\/\/www.w3.org\/2000\/svg\" xmlns:xlink=\"http:\/\/www.w3.org\/1999\/xlink\" id=\"quote-right\" viewBox=\"0 0 1664 1896.0833\"><path d=\"M768 320v704q0 104-40.5 198.5T618 1386t-163.5 109.5T256 1536h-64q-26 0-45-19t-19-45v-128q0-26 19-45t45-19h64q106 0 181-75t75-181v-32q0-40-28-68t-68-28H192q-80 0-136-56T0 704V320q0-80 56-136t136-56h384q80 0 136 56t56 136zm896 0v704q0 104-40.5 198.5T1514 1386t-163.5 109.5T1152 1536h-64q-26 0-45-19t-19-45v-128q0-26 19-45t45-19h64q106 0 181-75t75-181v-32q0-40-28-68t-68-28h-224q-80 0-136-56t-56-136V320q0-80 56-136t136-56h384q80 0 136 56t56 136z\"><\/path><\/svg><\/span><\/div>\n              <div\n                data-colibri-id=\"230-c34\" class=\"h-text h-text-component style-467 style-local-230-c34 position-relative h-element\">\n                <!---->\n                <!---->\n                <div class=\"\">\n                  <p>\u201c<em>Il est fort dangereux,&nbsp;Frodon, de sortir de chez soi, on prend la route, et si on ne regarde pas ou\u0300 on met les pieds on ne sait pas jusqu\u2019o\u00f9 cela peut nous mener \u00bb.<\/em><\/p>\n                  <p><em>Merci Irvin, de m\u2019avoir fait sortir de chez moi pour faire un pas, encore un pas, toujours un pas, sans avoir peur d\u2019ou\u0300 mes pieds me&nbsp;me\u0300neront, quoi qu\u2019en dise le vieux&nbsp;Bilbon&nbsp;Sacquet.<\/em><\/p>\n                <\/div>\n            <\/div>\n            <div data-colibri-id=\"230-c35\" class=\"h-global-transition-all h-heading style-469 style-local-230-c35 position-relative h-element\">\n              <!---->\n              <div class=\"h-heading__outer style-469 style-local-230-c35\">\n                <!---->\n                <!---->\n                <h5 class=\"\">Cl\u00e9ment<\/h5>\n              <\/div>\n            <\/div>\n          <\/div>\n        <\/div>\n      <\/div>\n      <div class=\"h-column h-column-container d-flex h-col-lg-6 h-col-md-6 h-col-12 style-465-outer style-local-230-c36-outer\">\n        <div data-colibri-id=\"230-c36\" class=\"d-flex h-flex-basis h-column__inner h-px-lg-3 h-px-md-3 h-px-3 v-inner-lg-3 v-inner-md-3 v-inner-3 style-465 style-local-230-c36 position-relative\">\n          <!---->\n          <!---->\n          <div class=\"w-100 h-y-container h-column__content h-column__v-align flex-basis-100 align-self-lg-start align-self-md-start align-self-start\">\n            <!---->\n            <div data-colibri-id=\"230-c37\" class=\"h-icon style-466 style-local-230-c37 position-relative h-element\">\n              <!----><span class=\"h-svg-icon h-icon__icon style-466-icon style-local-230-c37-icon\"><!--Icon by Font Awesome (https:\/\/fontawesome.com)--><svg version=\"1.1\" xmlns=\"http:\/\/www.w3.org\/2000\/svg\" xmlns:xlink=\"http:\/\/www.w3.org\/1999\/xlink\" id=\"quote-right\" viewBox=\"0 0 1664 1896.0833\"><path d=\"M768 320v704q0 104-40.5 198.5T618 1386t-163.5 109.5T256 1536h-64q-26 0-45-19t-19-45v-128q0-26 19-45t45-19h64q106 0 181-75t75-181v-32q0-40-28-68t-68-28H192q-80 0-136-56T0 704V320q0-80 56-136t136-56h384q80 0 136 56t56 136zm896 0v704q0 104-40.5 198.5T1514 1386t-163.5 109.5T1152 1536h-64q-26 0-45-19t-19-45v-128q0-26 19-45t45-19h64q106 0 181-75t75-181v-32q0-40-28-68t-68-28h-224q-80 0-136-56t-56-136V320q0-80 56-136t136-56h384q80 0 136 56t56 136z\"><\/path><\/svg><\/span><\/div>\n            <div\n              data-colibri-id=\"230-c38\" class=\"h-text h-text-component style-467 style-local-230-c38 position-relative h-element\">\n              <!---->\n              <!---->\n              <div class=\"\">\n                <p>\u201c<em>Le parcours Irvin est fait de multiples&nbsp;activit\u00e9s&nbsp;nous permettant de reprendre contact avec la nature, de revenir aux origines ce qui m\u2019a apport\u00e9 un regain d\u2019\u00e9nergie&nbsp;et de confiance en moi.C ette&nbsp;p\u00e9riode&nbsp;m\u2019a permis de me surpasser dans des&nbsp;activit\u00e9s&nbsp;dont je ne suis pas familier.<\/em><\/p>\n                <p>L<em>\u2019e\u0301quipe&nbsp;(Patrice, Yann et&nbsp;Mickae\u0308l) est toujours disponible et les&nbsp;diffe\u0301rents&nbsp;e\u0301changes&nbsp;montrent leur&nbsp;de\u0301vouement&nbsp;et implication, ce qui rend cette&nbsp;expe\u0301rience&nbsp;agre\u0301able.<\/em><\/p>\n                <p>\n                  <br>\n                <\/p>\n                <p>Bravo e<\/p>\n                <p>t&nbsp;con<em>tinuez<\/em><\/p>\n              <\/div>\n          <\/div>\n          <div data-colibri-id=\"230-c39\" class=\"h-global-transition-all h-heading style-469 style-local-230-c39 position-relative h-element\">\n            <!---->\n            <div class=\"h-heading__outer style-469 style-local-230-c39\">\n              <!---->\n              <!---->\n              <h5 class=\"\">Antoine<\/h5>\n            <\/div>\n          <\/div>\n        <\/div>\n      <\/div>\n    <\/div>\n  <\/div>\n<\/div>\n<\/div>\n<\/div>\n<\/div>","protected":false},"excerpt":{"rendered":"<p>Irvin m\u2019a appris tellement de choses que je ne connaissais pas. Ils m\u2019ont appris&nbsp;a\u0300 me redonner la motivation pour diverses choses, pour cela je tiens&nbsp;a\u0300 remercier : Yann, Patrice, Corentin et Marie). Toujours la\u0300 quand on a besoin d\u2019eux. Superbe&nbsp;expe\u0301rience. Merci&nbsp;a\u0300 toute l\u2019e\u0301quipe, continuez ainsi. Camille Sur le coup on ne s\u2019en rend pas compte [&hellip;]<\/p>\n","protected":false},"author":1,"featured_media":0,"parent":15,"menu_order":0,"comment_status":"closed","ping_status":"closed","template":"page-templates\/full-width-page.php","meta":[],"_links":{"self":[{"href":"https:\/\/www.irvin.bzh\/ferme\/index.php\/wp-json\/wp\/v2\/pages\/230"}],"collection":[{"href":"https:\/\/www.irvin.bzh\/ferme\/index.php\/wp-json\/wp\/v2\/pages"}],"about":[{"href":"https:\/\/www.irvin.bzh\/ferme\/index.php\/wp-json\/wp\/v2\/types\/page"}],"author":[{"embeddable":true,"href":"https:\/\/www.irvin.bzh\/ferme\/index.php\/wp-json\/wp\/v2\/users\/1"}],"replies":[{"embeddable":true,"href":"https:\/\/www.irvin.bzh\/ferme\/index.php\/wp-json\/wp\/v2\/comments?post=230"}],"version-history":[{"count":8,"href":"https:\/\/www.irvin.bzh\/ferme\/index.php\/wp-json\/wp\/v2\/pages\/230\/revisions"}],"predecessor-version":[{"id":1184,"href":"https:\/\/www.irvin.bzh\/ferme\/index.php\/wp-json\/wp\/v2\/pages\/230\/revisions\/1184"}],"up":[{"embeddable":true,"href":"https:\/\/www.irvin.bzh\/ferme\/index.php\/wp-json\/wp\/v2\/pages\/15"}],"wp:attachment":[{"href":"https:\/\/www.irvin.bzh\/ferme\/index.php\/wp-json\/wp\/v2\/media?parent=230"}],"curies":[{"name":"wp","href":"https:\/\/api.w.org\/{rel}","templated":true}]}}